{"id":86,"date":"2020-05-08T09:53:27","date_gmt":"2020-05-08T09:53:27","guid":{"rendered":"https:\/\/escaperajoleria.paiporta.es\/?page_id=86"},"modified":"2020-05-13T11:59:40","modified_gmt":"2020-05-13T11:59:40","slug":"prueba","status":"publish","type":"page","link":"https:\/\/escaperajoleria2020.paiporta.es\/","title":{"rendered":"Robatori al Museu"},"content":{"rendered":"\n<figure class=\"wp-block-image size-large\"><img data-recalc-dims=\"1\" fetchpriority=\"high\" decoding=\"async\" width=\"640\" height=\"429\" src=\"https:\/\/i0.wp.com\/escaperajoleria2020.paiporta.es\/wp-content\/uploads\/2020\/05\/WhatsApp-Image-2020-05-06-at-17.57.03.jpeg?resize=640%2C429&#038;ssl=1\" alt=\"\" class=\"wp-image-23\" srcset=\"https:\/\/i0.wp.com\/escaperajoleria2020.paiporta.es\/wp-content\/uploads\/2020\/05\/WhatsApp-Image-2020-05-06-at-17.57.03.jpeg?resize=1024%2C687&amp;ssl=1 1024w, https:\/\/i0.wp.com\/escaperajoleria2020.paiporta.es\/wp-content\/uploads\/2020\/05\/WhatsApp-Image-2020-05-06-at-17.57.03.jpeg?resize=300%2C201&amp;ssl=1 300w, https:\/\/i0.wp.com\/escaperajoleria2020.paiporta.es\/wp-content\/uploads\/2020\/05\/WhatsApp-Image-2020-05-06-at-17.57.03.jpeg?resize=768%2C516&amp;ssl=1 768w, https:\/\/i0.wp.com\/escaperajoleria2020.paiporta.es\/wp-content\/uploads\/2020\/05\/WhatsApp-Image-2020-05-06-at-17.57.03.jpeg?resize=1536%2C1031&amp;ssl=1 1536w, https:\/\/i0.wp.com\/escaperajoleria2020.paiporta.es\/wp-content\/uploads\/2020\/05\/WhatsApp-Image-2020-05-06-at-17.57.03.jpeg?w=1600&amp;ssl=1 1600w, https:\/\/i0.wp.com\/escaperajoleria2020.paiporta.es\/wp-content\/uploads\/2020\/05\/WhatsApp-Image-2020-05-06-at-17.57.03.jpeg?w=1280&amp;ssl=1 1280w\" sizes=\"(max-width: 640px) 100vw, 640px\" \/><\/figure>\n\n\n\n<p><\/p>\n\n\n\n<p>Ha desaparegut el fumeral de l&#8217;antiga f\u00e0brica! Com ha pogut passar? Aquesta vesprada, quan els ve\u00efns han eixit a aplaudir a les 8, s&#8217;han adonat que el fumeral ja no era all\u00ed. Incre\u00efble, per\u00f2 cert: l&#8217;han robada.<\/p>\n\n\n\n<p>Per sort, encara que ha sigut un robatori net i r\u00e0pid, una cosa tan gran no pot desapar\u00e8ixer sense deixar rastre. I creiem que en realitat el lladre \u00e9s bastant despistat, perqu\u00e8 hem trobat proves que ens poden portar al seu parador.<\/p>\n\n\n\n<p>Ens ajudes a trobar-la?<\/p>\n\n\n\n<p>Fes clic <a href=\"https:\/\/escaperajoleria2020.paiporta.es\/index.php\/89-2\/\">ac\u00ed per a comen\u00e7ar.<\/a><\/p>\n\n\n\n<figure class=\"wp-block-image size-large\"><img data-recalc-dims=\"1\" decoding=\"async\" width=\"640\" height=\"146\" src=\"https:\/\/i0.wp.com\/escaperajoleria2020.paiporta.es\/wp-content\/uploads\/2020\/05\/logos-1.jpg?resize=640%2C146&#038;ssl=1\" alt=\"\" class=\"wp-image-120\" srcset=\"https:\/\/i0.wp.com\/escaperajoleria2020.paiporta.es\/wp-content\/uploads\/2020\/05\/logos-1-scaled.jpg?resize=1024%2C233&amp;ssl=1 1024w, https:\/\/i0.wp.com\/escaperajoleria2020.paiporta.es\/wp-content\/uploads\/2020\/05\/logos-1-scaled.jpg?resize=300%2C68&amp;ssl=1 300w, https:\/\/i0.wp.com\/escaperajoleria2020.paiporta.es\/wp-content\/uploads\/2020\/05\/logos-1-scaled.jpg?resize=768%2C175&amp;ssl=1 768w, https:\/\/i0.wp.com\/escaperajoleria2020.paiporta.es\/wp-content\/uploads\/2020\/05\/logos-1-scaled.jpg?resize=1536%2C350&amp;ssl=1 1536w, https:\/\/i0.wp.com\/escaperajoleria2020.paiporta.es\/wp-content\/uploads\/2020\/05\/logos-1-scaled.jpg?resize=2048%2C467&amp;ssl=1 2048w, https:\/\/i0.wp.com\/escaperajoleria2020.paiporta.es\/wp-content\/uploads\/2020\/05\/logos-1-scaled.jpg?w=1280&amp;ssl=1 1280w, https:\/\/i0.wp.com\/escaperajoleria2020.paiporta.es\/wp-content\/uploads\/2020\/05\/logos-1-scaled.jpg?w=1920&amp;ssl=1 1920w\" sizes=\"(max-width: 640px) 100vw, 640px\" \/><\/figure>\n","protected":false},"excerpt":{"rendered":"<p>Ha desaparegut el fumeral de l&#8217;antiga f\u00e0brica! Com ha pogut passar? Aquesta vesprada, quan els ve\u00efns han eixit a aplaudir a les 8, s&#8217;han adonat que el fumeral ja no era all\u00ed. Incre\u00efble, per\u00f2 cert: l&#8217;han robada. Per sort, encara que ha sigut un robatori net i r\u00e0pid, una cosa tan gran no pot desapar\u00e8ixer [&hellip;]<\/p>\n","protected":false},"author":1,"featured_media":0,"parent":0,"menu_order":0,"comment_status":"closed","ping_status":"closed","template":"","meta":{"om_disable_all_campaigns":false,"_monsterinsights_skip_tracking":false,"_monsterinsights_sitenote_active":false,"_monsterinsights_sitenote_note":"","_monsterinsights_sitenote_category":0,"footnotes":""},"class_list":["post-86","page","type-page","status-publish","hentry"],"jetpack_sharing_enabled":true,"_links":{"self":[{"href":"https:\/\/escaperajoleria2020.paiporta.es\/index.php\/wp-json\/wp\/v2\/pages\/86","targetHints":{"allow":["GET"]}}],"collection":[{"href":"https:\/\/escaperajoleria2020.paiporta.es\/index.php\/wp-json\/wp\/v2\/pages"}],"about":[{"href":"https:\/\/escaperajoleria2020.paiporta.es\/index.php\/wp-json\/wp\/v2\/types\/page"}],"author":[{"embeddable":true,"href":"https:\/\/escaperajoleria2020.paiporta.es\/index.php\/wp-json\/wp\/v2\/users\/1"}],"replies":[{"embeddable":true,"href":"https:\/\/escaperajoleria2020.paiporta.es\/index.php\/wp-json\/wp\/v2\/comments?post=86"}],"version-history":[{"count":7,"href":"https:\/\/escaperajoleria2020.paiporta.es\/index.php\/wp-json\/wp\/v2\/pages\/86\/revisions"}],"predecessor-version":[{"id":125,"href":"https:\/\/escaperajoleria2020.paiporta.es\/index.php\/wp-json\/wp\/v2\/pages\/86\/revisions\/125"}],"wp:attachment":[{"href":"https:\/\/escaperajoleria2020.paiporta.es\/index.php\/wp-json\/wp\/v2\/media?parent=86"}],"curies":[{"name":"wp","href":"https:\/\/api.w.org\/{rel}","templated":true}]}}