{"id":79,"date":"2020-05-08T09:39:14","date_gmt":"2020-05-08T09:39:14","guid":{"rendered":"https:\/\/escaperajoleria.paiporta.es\/?page_id=79"},"modified":"2020-05-12T11:47:35","modified_gmt":"2020-05-12T11:47:35","slug":"pistes","status":"publish","type":"page","link":"https:\/\/escaperajoleria2020.paiporta.es\/index.php\/pistes\/","title":{"rendered":"Pistes"},"content":{"rendered":"\n<p>Algunes pistes generals, si necessites ajuda fes clic en la pista que est\u00e0s buscant<\/p>\n\n\n\n<span class=\"collapseomatic \" id=\"id69e508979b96a\"  tabindex=\"0\" title=\"De visita al museu\"    >De visita al museu<\/span><div id=\"target-id69e508979b96a\" class=\"collapseomatic_content \"> Et recomanem que et fixes en la imatge del post i faces el tour virtual de la f\u00e0brica que hi ha en la web del museu<\/div>\n\n\n<span class=\"collapseomatic \" id=\"id69e508979b9bf\"  tabindex=\"0\" title=\"Pista general\"    >Pista general<\/span><div id=\"target-id69e508979b9bf\" class=\"collapseomatic_content \"> Desc\u00e0rrega els arxius que trobar\u00e0s en l&#8217;apartat de la visita al museu. Trobar\u00e0s les contrasenyes que necessites en els diferents apartats de la web: en resoldre els mots encreuats i en localitzar el museu. <\/div>\n\n\n\n<span class=\"collapseomatic \" id=\"id69e508979b9e0\"  tabindex=\"0\" title=\"Arxiu d&#039;\u00e0udio\"    >Arxiu d'\u00e0udio<\/span><div id=\"target-id69e508979b9e0\" class=\"collapseomatic_content \"> Coneixes el codi morse? Pots trobar traductors de morse en Google. Cada xiulet curt \u00e9s un . i cada xiulet llarg \u00e9s una &#8211;<\/div>\n<span class=\"collapseomatic \" id=\"id69e508979ba08\"  tabindex=\"0\" title=\"A tindre en compte\"    >A tindre en compte<\/span><div id=\"target-id69e508979ba08\" class=\"collapseomatic_content \"> Per a trobar aquesta contrasenya necessitar\u00e0s introduir el codi de l&#8217;arxiu d&#8217;\u00e0udio desxifrat (4 n\u00fameros)<\/div>\n<span class=\"collapseomatic \" id=\"id69e508979ba23\"  tabindex=\"0\" title=\"Per aci va el lladre\"    >Per aci va el lladre<\/span><div id=\"target-id69e508979ba23\" class=\"collapseomatic_content \"> Aquest \u00e9s el final. Quan trobes la ximenera, entra ac\u00ed per a retornar-la on pertany.<\/div>\n\n","protected":false},"excerpt":{"rendered":"<p>Algunes pistes generals, si necessites ajuda fes clic en la pista que est\u00e0s buscant<\/p>\n","protected":false},"author":1,"featured_media":0,"parent":0,"menu_order":0,"comment_status":"closed","ping_status":"closed","template":"","meta":{"om_disable_all_campaigns":false,"_monsterinsights_skip_tracking":false,"_monsterinsights_sitenote_active":false,"_monsterinsights_sitenote_note":"","_monsterinsights_sitenote_category":0,"footnotes":""},"class_list":["post-79","page","type-page","status-publish","hentry"],"jetpack_sharing_enabled":true,"_links":{"self":[{"href":"https:\/\/escaperajoleria2020.paiporta.es\/index.php\/wp-json\/wp\/v2\/pages\/79","targetHints":{"allow":["GET"]}}],"collection":[{"href":"https:\/\/escaperajoleria2020.paiporta.es\/index.php\/wp-json\/wp\/v2\/pages"}],"about":[{"href":"https:\/\/escaperajoleria2020.paiporta.es\/index.php\/wp-json\/wp\/v2\/types\/page"}],"author":[{"embeddable":true,"href":"https:\/\/escaperajoleria2020.paiporta.es\/index.php\/wp-json\/wp\/v2\/users\/1"}],"replies":[{"embeddable":true,"href":"https:\/\/escaperajoleria2020.paiporta.es\/index.php\/wp-json\/wp\/v2\/comments?post=79"}],"version-history":[{"count":5,"href":"https:\/\/escaperajoleria2020.paiporta.es\/index.php\/wp-json\/wp\/v2\/pages\/79\/revisions"}],"predecessor-version":[{"id":112,"href":"https:\/\/escaperajoleria2020.paiporta.es\/index.php\/wp-json\/wp\/v2\/pages\/79\/revisions\/112"}],"wp:attachment":[{"href":"https:\/\/escaperajoleria2020.paiporta.es\/index.php\/wp-json\/wp\/v2\/media?parent=79"}],"curies":[{"name":"wp","href":"https:\/\/api.w.org\/{rel}","templated":true}]}}