{"id":66,"date":"2020-05-07T11:56:03","date_gmt":"2020-05-07T11:56:03","guid":{"rendered":"https:\/\/escaperajoleria.paiporta.es\/?page_id=66"},"modified":"2020-05-08T09:45:10","modified_gmt":"2020-05-08T09:45:10","slug":"instruccions","status":"publish","type":"page","link":"https:\/\/escaperajoleria2020.paiporta.es\/index.php\/instruccions\/","title":{"rendered":"Instruccions"},"content":{"rendered":"\n<p>Pots fer aquesta escape&nbsp;room&nbsp;en solitari o amb familiars o amics a trav\u00e9s de Skype,&nbsp;Hangouts, Zoom, o qualsevol altra aplicaci\u00f3.<br>No hi ha l\u00edmit de temps per a finalitzar.<\/p>\n\n\n\n<p>Per a completar la recerca, necessitar\u00e0s accedir a la p\u00e0gina web del <a rel=\"noreferrer noopener\" href=\"https:\/\/museudelarajoleria.paiporta.es\/\" target=\"_blank\">Museu de\u00a0Rajoler\u00eda<\/a>. All\u00ed trobar\u00e0s la informaci\u00f3 que necessites, aix\u00ed com imatges, visita virtual&#8230; que et seran molt \u00fatils en la teua cerca.<\/p>\n\n\n\n<p>En cada prova hi ha unes pistes ocultes. Fes clic per a desbloquejar-les si et trobes perdut o perduda.<br>Llegeix b\u00e9 tot i revisa el que trobes. No hi ha res a l&#8217;atzar, per\u00f2 algunes coses estan nom\u00e9s per a despistar!<\/p>\n\n\n\n<p>Les maj\u00fascules, titlles\u2026 s\u00f3n importants a l&#8217;hora d&#8217;introduir la contrasenya. Si creus que tens la resposta correcta i no funciona, comprova que est\u00e0s posant la contrasenya tal com apareix en les pistes.<\/p>\n\n\n\n<p>Alguna cosa no funciona? Escriu-nos a rebomboricultural@gmail.com<\/p>\n","protected":false},"excerpt":{"rendered":"<p>Pots fer aquesta escape&nbsp;room&nbsp;en solitari o amb familiars o amics a trav\u00e9s de Skype,&nbsp;Hangouts, Zoom, o qualsevol altra aplicaci\u00f3.No hi ha l\u00edmit de temps per a finalitzar. Per a completar la recerca, necessitar\u00e0s accedir a la p\u00e0gina web del Museu de\u00a0Rajoler\u00eda. All\u00ed trobar\u00e0s la informaci\u00f3 que necessites, aix\u00ed com imatges, visita virtual&#8230; que et seran [&hellip;]<\/p>\n","protected":false},"author":1,"featured_media":0,"parent":0,"menu_order":0,"comment_status":"closed","ping_status":"closed","template":"","meta":{"om_disable_all_campaigns":false,"_monsterinsights_skip_tracking":false,"_monsterinsights_sitenote_active":false,"_monsterinsights_sitenote_note":"","_monsterinsights_sitenote_category":0,"footnotes":""},"class_list":["post-66","page","type-page","status-publish","hentry"],"jetpack_sharing_enabled":true,"_links":{"self":[{"href":"https:\/\/escaperajoleria2020.paiporta.es\/index.php\/wp-json\/wp\/v2\/pages\/66","targetHints":{"allow":["GET"]}}],"collection":[{"href":"https:\/\/escaperajoleria2020.paiporta.es\/index.php\/wp-json\/wp\/v2\/pages"}],"about":[{"href":"https:\/\/escaperajoleria2020.paiporta.es\/index.php\/wp-json\/wp\/v2\/types\/page"}],"author":[{"embeddable":true,"href":"https:\/\/escaperajoleria2020.paiporta.es\/index.php\/wp-json\/wp\/v2\/users\/1"}],"replies":[{"embeddable":true,"href":"https:\/\/escaperajoleria2020.paiporta.es\/index.php\/wp-json\/wp\/v2\/comments?post=66"}],"version-history":[{"count":3,"href":"https:\/\/escaperajoleria2020.paiporta.es\/index.php\/wp-json\/wp\/v2\/pages\/66\/revisions"}],"predecessor-version":[{"id":84,"href":"https:\/\/escaperajoleria2020.paiporta.es\/index.php\/wp-json\/wp\/v2\/pages\/66\/revisions\/84"}],"wp:attachment":[{"href":"https:\/\/escaperajoleria2020.paiporta.es\/index.php\/wp-json\/wp\/v2\/media?parent=66"}],"curies":[{"name":"wp","href":"https:\/\/api.w.org\/{rel}","templated":true}]}}